{"id":398,"date":"2022-12-09T14:31:48","date_gmt":"2022-12-09T14:31:48","guid":{"rendered":"https:\/\/cpsolucoes.pt\/?page_id=398"},"modified":"2025-10-13T09:11:00","modified_gmt":"2025-10-13T09:11:00","slug":"bcm","status":"publish","type":"page","link":"https:\/\/cpsolucoes.pt\/?page_id=398","title":{"rendered":"Bcm"},"content":{"rendered":"\t\t<div data-elementor-type=\"wp-page\" data-elementor-id=\"398\" class=\"elementor elementor-398\">\n\t\t\t\t\t\t<section class=\"elementor-section elementor-top-section elementor-element elementor-element-0a40417 elementor-section-height-min-height elementor-section-boxed elementor-section-height-default elementor-section-items-middle\" data-id=\"0a40417\" data-element_type=\"section\" data-e-type=\"section\" data-settings=\"{&quot;background_background&quot;:&quot;classic&quot;}\">\n\t\t\t\t\t\t<div class=\"elementor-container elementor-column-gap-default\">\n\t\t\t\t\t<div class=\"elementor-column elementor-col-50 elementor-top-column elementor-element elementor-element-1a7cc2e\" data-id=\"1a7cc2e\" data-element_type=\"column\" data-e-type=\"column\" data-settings=\"{&quot;background_background&quot;:&quot;classic&quot;}\">\n\t\t\t<div class=\"elementor-widget-wrap elementor-element-populated\">\n\t\t\t\t\t\t<section class=\"elementor-section elementor-inner-section elementor-element elementor-element-8b1ffde elementor-section-boxed elementor-section-height-default elementor-section-height-default\" data-id=\"8b1ffde\" data-element_type=\"section\" data-e-type=\"section\">\n\t\t\t\t\t\t<div class=\"elementor-container elementor-column-gap-default\">\n\t\t\t\t\t<div class=\"elementor-column elementor-col-100 elementor-inner-column elementor-element elementor-element-f8a1df3\" data-id=\"f8a1df3\" data-element_type=\"column\" data-e-type=\"column\">\n\t\t\t<div class=\"elementor-widget-wrap elementor-element-populated\">\n\t\t\t\t\t\t<div class=\"elementor-element elementor-element-7e9a818 elementor-widget elementor-widget-text-editor\" data-id=\"7e9a818\" data-element_type=\"widget\" data-e-type=\"widget\" data-widget_type=\"text-editor.default\">\n\t\t\t\t<div class=\"elementor-widget-container\">\n\t\t\t\t\t\t\t\t\t<p><strong>Unidades de Comando de Carro\u00e7aria<\/strong><\/p><p>Estas unidades controlam como o nome diz as fun\u00e7\u00f5es da carro\u00e7aria como luzes, vidros el\u00e9ctricos, fecho central, imobilizador, etc.<\/p><p>Reparamos a unidade original evitando assim o custo de programa\u00e7\u00e3o.<\/p>\t\t\t\t\t\t\t\t<\/div>\n\t\t\t\t<\/div>\n\t\t\t\t\t<\/div>\n\t\t<\/div>\n\t\t\t\t\t<\/div>\n\t\t<\/section>\n\t\t\t\t<div class=\"elementor-element elementor-element-417066f elementor-align-center elementor-widget elementor-widget-button\" data-id=\"417066f\" data-element_type=\"widget\" data-e-type=\"widget\" data-widget_type=\"button.default\">\n\t\t\t\t<div class=\"elementor-widget-container\">\n\t\t\t\t\t\t\t\t\t<div class=\"elementor-button-wrapper\">\n\t\t\t\t\t<a class=\"elementor-button elementor-button-link elementor-size-sm elementor-animation-grow\" href=\"https:\/\/cpsolucoes.pt\/?page_id=278\">\n\t\t\t\t\t\t<span class=\"elementor-button-content-wrapper\">\n\t\t\t\t\t\t\t\t\t<span class=\"elementor-button-text\">Contacte-nos<\/span>\n\t\t\t\t\t<\/span>\n\t\t\t\t\t<\/a>\n\t\t\t\t<\/div>\n\t\t\t\t\t\t\t\t<\/div>\n\t\t\t\t<\/div>\n\t\t\t\t\t<\/div>\n\t\t<\/div>\n\t\t\t\t<div class=\"elementor-column elementor-col-50 elementor-top-column elementor-element elementor-element-6cc66b6\" data-id=\"6cc66b6\" data-element_type=\"column\" data-e-type=\"column\">\n\t\t\t<div class=\"elementor-widget-wrap elementor-element-populated\">\n\t\t\t\t\t\t<section class=\"elementor-section elementor-inner-section elementor-element elementor-element-439c63f elementor-section-height-min-height elementor-section-boxed elementor-section-height-default\" data-id=\"439c63f\" data-element_type=\"section\" data-e-type=\"section\">\n\t\t\t\t\t\t<div class=\"elementor-container elementor-column-gap-default\">\n\t\t\t\t\t<div class=\"elementor-column elementor-col-100 elementor-inner-column elementor-element elementor-element-e8a54bf\" data-id=\"e8a54bf\" data-element_type=\"column\" data-e-type=\"column\" data-settings=\"{&quot;background_background&quot;:&quot;slideshow&quot;,&quot;background_slideshow_gallery&quot;:[{&quot;id&quot;:407,&quot;url&quot;:&quot;https:\\\/\\\/cpsolucoes.pt\\\/wp-content\\\/uploads\\\/2022\\\/12\\\/bcm1_1.jpg&quot;},{&quot;id&quot;:408,&quot;url&quot;:&quot;https:\\\/\\\/cpsolucoes.pt\\\/wp-content\\\/uploads\\\/2022\\\/12\\\/bcm1_2.jpg&quot;},{&quot;id&quot;:409,&quot;url&quot;:&quot;https:\\\/\\\/cpsolucoes.pt\\\/wp-content\\\/uploads\\\/2022\\\/12\\\/bcm1_3.jpg&quot;}],&quot;background_slideshow_transition_duration&quot;:1500,&quot;background_slideshow_loop&quot;:&quot;yes&quot;,&quot;background_slideshow_slide_duration&quot;:5000,&quot;background_slideshow_slide_transition&quot;:&quot;fade&quot;}\">\n\t\t\t<div class=\"elementor-widget-wrap\">\n\t\t\t\t\t\t\t<\/div>\n\t\t<\/div>\n\t\t\t\t\t<\/div>\n\t\t<\/section>\n\t\t\t\t\t<\/div>\n\t\t<\/div>\n\t\t\t\t\t<\/div>\n\t\t<\/section>\n\t\t\t\t<section class=\"elementor-section elementor-top-section elementor-element elementor-element-3ce780e elementor-section-boxed elementor-section-height-default elementor-section-height-default\" data-id=\"3ce780e\" data-element_type=\"section\" data-e-type=\"section\">\n\t\t\t\t\t\t<div class=\"elementor-container elementor-column-gap-default\">\n\t\t\t\t\t<div class=\"elementor-column elementor-col-100 elementor-top-column elementor-element elementor-element-381c559\" data-id=\"381c559\" data-element_type=\"column\" data-e-type=\"column\">\n\t\t\t<div class=\"elementor-widget-wrap elementor-element-populated\">\n\t\t\t\t\t\t<div class=\"elementor-element elementor-element-49a550c elementor-widget__width-inherit elementor-widget elementor-widget-text-editor\" data-id=\"49a550c\" data-element_type=\"widget\" data-e-type=\"widget\" data-widget_type=\"text-editor.default\">\n\t\t\t\t<div class=\"elementor-widget-container\">\n\t\t\t\t\t\t\t\t\t<p>C\u00e9lula Pioneira Solu\u00e7\u00f5es Electr\u00f3nicas<\/p>\t\t\t\t\t\t\t\t<\/div>\n\t\t\t\t<\/div>\n\t\t\t\t<div class=\"elementor-element elementor-element-8c51814 elementor-widget__width-inherit elementor-widget elementor-widget-text-editor\" data-id=\"8c51814\" data-element_type=\"widget\" data-e-type=\"widget\" data-widget_type=\"text-editor.default\">\n\t\t\t\t<div class=\"elementor-widget-container\">\n\t\t\t\t\t\t\t\t\t<p>Empresa Especializada em Repara\u00e7\u00e3o de Equipamento Electr\u00f3nico para M\u00e1quinas e Ve\u00edculos<\/p>\t\t\t\t\t\t\t\t<\/div>\n\t\t\t\t<\/div>\n\t\t\t\t<div class=\"elementor-element elementor-element-e12fa17 elementor-icon-list--layout-inline elementor-list-item-link-inline elementor-align-center elementor-widget elementor-widget-icon-list\" data-id=\"e12fa17\" data-element_type=\"widget\" data-e-type=\"widget\" data-widget_type=\"icon-list.default\">\n\t\t\t\t<div class=\"elementor-widget-container\">\n\t\t\t\t\t\t\t<ul class=\"elementor-icon-list-items elementor-inline-items\">\n\t\t\t\t\t\t\t<li class=\"elementor-icon-list-item elementor-inline-item\">\n\t\t\t\t\t\t\t\t\t\t\t<a href=\"https:\/\/cpsolucoes.pt\/?page_id=207\">\n\n\t\t\t\t\t\t\t\t\t\t\t\t<span class=\"elementor-icon-list-icon\">\n\t\t\t\t\t\t\t<i aria-hidden=\"true\" class=\"icon icon-home1\"><\/i>\t\t\t\t\t\t<\/span>\n\t\t\t\t\t\t\t\t\t\t<span class=\"elementor-icon-list-text\"><\/span>\n\t\t\t\t\t\t\t\t\t\t\t<\/a>\n\t\t\t\t\t\t\t\t\t<\/li>\n\t\t\t\t\t\t\t\t<li class=\"elementor-icon-list-item elementor-inline-item\">\n\t\t\t\t\t\t\t\t\t\t\t<a href=\"https:\/\/cpsolucoes.pt\/?page_id=278\">\n\n\t\t\t\t\t\t\t\t\t\t\t\t<span class=\"elementor-icon-list-icon\">\n\t\t\t\t\t\t\t<i aria-hidden=\"true\" class=\"icon icon-email\"><\/i>\t\t\t\t\t\t<\/span>\n\t\t\t\t\t\t\t\t\t\t<span class=\"elementor-icon-list-text\"><\/span>\n\t\t\t\t\t\t\t\t\t\t\t<\/a>\n\t\t\t\t\t\t\t\t\t<\/li>\n\t\t\t\t\t\t\t\t<li class=\"elementor-icon-list-item elementor-inline-item\">\n\t\t\t\t\t\t\t\t\t\t\t<span class=\"elementor-icon-list-icon\">\n\t\t\t\t\t\t\t<i aria-hidden=\"true\" class=\"icon icon-google-map\"><\/i>\t\t\t\t\t\t<\/span>\n\t\t\t\t\t\t\t\t\t\t<span class=\"elementor-icon-list-text\"><\/span>\n\t\t\t\t\t\t\t\t\t<\/li>\n\t\t\t\t\t\t\t\t<li class=\"elementor-icon-list-item elementor-inline-item\">\n\t\t\t\t\t\t\t\t\t\t\t<a href=\"http:\/\/suporte.cpsolucoes.pt\">\n\n\t\t\t\t\t\t\t\t\t\t\t\t<span class=\"elementor-icon-list-icon\">\n\t\t\t\t\t\t\t<i aria-hidden=\"true\" class=\"icon icon-support1\"><\/i>\t\t\t\t\t\t<\/span>\n\t\t\t\t\t\t\t\t\t\t<span class=\"elementor-icon-list-text\"><\/span>\n\t\t\t\t\t\t\t\t\t\t\t<\/a>\n\t\t\t\t\t\t\t\t\t<\/li>\n\t\t\t\t\t\t\t\t<li class=\"elementor-icon-list-item elementor-inline-item\">\n\t\t\t\t\t\t\t\t\t\t\t<a href=\"tel:210996019\">\n\n\t\t\t\t\t\t\t\t\t\t\t\t<span class=\"elementor-icon-list-icon\">\n\t\t\t\t\t\t\t<i aria-hidden=\"true\" class=\"icon icon-phone\"><\/i>\t\t\t\t\t\t<\/span>\n\t\t\t\t\t\t\t\t\t\t<span class=\"elementor-icon-list-text\">+351 916 670 319<\/span>\n\t\t\t\t\t\t\t\t\t\t\t<\/a>\n\t\t\t\t\t\t\t\t\t<\/li>\n\t\t\t\t\t\t<\/ul>\n\t\t\t\t\t\t<\/div>\n\t\t\t\t<\/div>\n\t\t\t\t<div class=\"elementor-element elementor-element-ec0d65b elementor-widget elementor-widget-text-editor\" data-id=\"ec0d65b\" data-element_type=\"widget\" data-e-type=\"widget\" data-widget_type=\"text-editor.default\">\n\t\t\t\t<div class=\"elementor-widget-container\">\n\t\t\t\t\t\t\t\t\t<p>Copyright @2022 C\u00e9lula Pioneira<\/p>\t\t\t\t\t\t\t\t<\/div>\n\t\t\t\t<\/div>\n\t\t\t\t\t<\/div>\n\t\t<\/div>\n\t\t\t\t\t<\/div>\n\t\t<\/section>\n\t\t\t\t<\/div>\n\t\t","protected":false},"excerpt":{"rendered":"<p>Unidades de Comando de Carro\u00e7aria Estas unidades controlam como o nome diz as fun\u00e7\u00f5es da carro\u00e7aria como luzes, vidros el\u00e9ctricos, fecho central, imobilizador, etc. Reparamos a unidade original evitando assim o custo de programa\u00e7\u00e3o. Contacte-nos C\u00e9lula Pioneira Solu\u00e7\u00f5es Electr\u00f3nicas Empresa Especializada em Repara\u00e7\u00e3o de Equipamento Electr\u00f3nico para M\u00e1quinas e Ve\u00edculos +351 916 670 319 Copyright [&hellip;]<\/p>\n","protected":false},"author":1,"featured_media":0,"parent":0,"menu_order":0,"comment_status":"closed","ping_status":"closed","template":"","meta":{"footnotes":""},"class_list":["post-398","page","type-page","status-publish","hentry"],"yoast_head":"<!-- This site is optimized with the Yoast SEO plugin v27.4 - https:\/\/yoast.com\/product\/yoast-seo-wordpress\/ -->\n<title>Bcm - C\u00e9lula Pioneira Solu\u00e7\u00f5es electr\u00f3nicas<\/title>\n<meta name=\"robots\" content=\"index, follow, max-snippet:-1, max-image-preview:large, max-video-preview:-1\" \/>\n<link rel=\"canonical\" href=\"https:\/\/cpsolucoes.pt\/?page_id=398\" \/>\n<meta property=\"og:locale\" content=\"pt_PT\" \/>\n<meta property=\"og:type\" content=\"article\" \/>\n<meta property=\"og:title\" content=\"Bcm - C\u00e9lula Pioneira Solu\u00e7\u00f5es electr\u00f3nicas\" \/>\n<meta property=\"og:description\" content=\"Unidades de Comando de Carro\u00e7aria Estas unidades controlam como o nome diz as fun\u00e7\u00f5es da carro\u00e7aria como luzes, vidros el\u00e9ctricos, fecho central, imobilizador, etc. Reparamos a unidade original evitando assim o custo de programa\u00e7\u00e3o. Contacte-nos C\u00e9lula Pioneira Solu\u00e7\u00f5es Electr\u00f3nicas Empresa Especializada em Repara\u00e7\u00e3o de Equipamento Electr\u00f3nico para M\u00e1quinas e Ve\u00edculos +351 916 670 319 Copyright [&hellip;]\" \/>\n<meta property=\"og:url\" content=\"https:\/\/cpsolucoes.pt\/?page_id=398\" \/>\n<meta property=\"og:site_name\" content=\"C\u00e9lula Pioneira Solu\u00e7\u00f5es electr\u00f3nicas\" \/>\n<meta property=\"article:modified_time\" content=\"2025-10-13T09:11:00+00:00\" \/>\n<meta name=\"twitter:card\" content=\"summary_large_image\" \/>\n<meta name=\"twitter:label1\" content=\"Tempo estimado de leitura\" \/>\n\t<meta name=\"twitter:data1\" content=\"1 minuto\" \/>\n<script type=\"application\/ld+json\" class=\"yoast-schema-graph\">{\"@context\":\"https:\\\/\\\/schema.org\",\"@graph\":[{\"@type\":\"WebPage\",\"@id\":\"https:\\\/\\\/cpsolucoes.pt\\\/?page_id=398\",\"url\":\"https:\\\/\\\/cpsolucoes.pt\\\/?page_id=398\",\"name\":\"Bcm - C\u00e9lula Pioneira Solu\u00e7\u00f5es electr\u00f3nicas\",\"isPartOf\":{\"@id\":\"https:\\\/\\\/cpsolucoes.pt\\\/#website\"},\"datePublished\":\"2022-12-09T14:31:48+00:00\",\"dateModified\":\"2025-10-13T09:11:00+00:00\",\"breadcrumb\":{\"@id\":\"https:\\\/\\\/cpsolucoes.pt\\\/?page_id=398#breadcrumb\"},\"inLanguage\":\"pt-PT\",\"potentialAction\":[{\"@type\":\"ReadAction\",\"target\":[\"https:\\\/\\\/cpsolucoes.pt\\\/?page_id=398\"]}]},{\"@type\":\"BreadcrumbList\",\"@id\":\"https:\\\/\\\/cpsolucoes.pt\\\/?page_id=398#breadcrumb\",\"itemListElement\":[{\"@type\":\"ListItem\",\"position\":1,\"name\":\"In\u00edcio\",\"item\":\"https:\\\/\\\/cpsolucoes.pt\\\/\"},{\"@type\":\"ListItem\",\"position\":2,\"name\":\"Bcm\"}]},{\"@type\":\"WebSite\",\"@id\":\"https:\\\/\\\/cpsolucoes.pt\\\/#website\",\"url\":\"https:\\\/\\\/cpsolucoes.pt\\\/\",\"name\":\"C\u00e9lula Pioneira Solu\u00e7\u00f5es electr\u00f3nicas\",\"description\":\"Repara\u00e7\u00e3o equipamento electr\u00f3nico\",\"publisher\":{\"@id\":\"https:\\\/\\\/cpsolucoes.pt\\\/#organization\"},\"potentialAction\":[{\"@type\":\"SearchAction\",\"target\":{\"@type\":\"EntryPoint\",\"urlTemplate\":\"https:\\\/\\\/cpsolucoes.pt\\\/?s={search_term_string}\"},\"query-input\":{\"@type\":\"PropertyValueSpecification\",\"valueRequired\":true,\"valueName\":\"search_term_string\"}}],\"inLanguage\":\"pt-PT\"},{\"@type\":\"Organization\",\"@id\":\"https:\\\/\\\/cpsolucoes.pt\\\/#organization\",\"name\":\"C\u00e9lula Pioneira Solu\u00e7\u00f5es electr\u00f3nicas\",\"url\":\"https:\\\/\\\/cpsolucoes.pt\\\/\",\"logo\":{\"@type\":\"ImageObject\",\"inLanguage\":\"pt-PT\",\"@id\":\"https:\\\/\\\/cpsolucoes.pt\\\/#\\\/schema\\\/logo\\\/image\\\/\",\"url\":\"https:\\\/\\\/cpsolucoes.pt\\\/wp-content\\\/uploads\\\/2022\\\/12\\\/cropped-400dpiLogo_gr_ye.jpg\",\"contentUrl\":\"https:\\\/\\\/cpsolucoes.pt\\\/wp-content\\\/uploads\\\/2022\\\/12\\\/cropped-400dpiLogo_gr_ye.jpg\",\"width\":1283,\"height\":1384,\"caption\":\"C\u00e9lula Pioneira Solu\u00e7\u00f5es electr\u00f3nicas\"},\"image\":{\"@id\":\"https:\\\/\\\/cpsolucoes.pt\\\/#\\\/schema\\\/logo\\\/image\\\/\"}}]}<\/script>\n<!-- \/ Yoast SEO plugin. -->","yoast_head_json":{"title":"Bcm - C\u00e9lula Pioneira Solu\u00e7\u00f5es electr\u00f3nicas","robots":{"index":"index","follow":"follow","max-snippet":"max-snippet:-1","max-image-preview":"max-image-preview:large","max-video-preview":"max-video-preview:-1"},"canonical":"https:\/\/cpsolucoes.pt\/?page_id=398","og_locale":"pt_PT","og_type":"article","og_title":"Bcm - C\u00e9lula Pioneira Solu\u00e7\u00f5es electr\u00f3nicas","og_description":"Unidades de Comando de Carro\u00e7aria Estas unidades controlam como o nome diz as fun\u00e7\u00f5es da carro\u00e7aria como luzes, vidros el\u00e9ctricos, fecho central, imobilizador, etc. Reparamos a unidade original evitando assim o custo de programa\u00e7\u00e3o. Contacte-nos C\u00e9lula Pioneira Solu\u00e7\u00f5es Electr\u00f3nicas Empresa Especializada em Repara\u00e7\u00e3o de Equipamento Electr\u00f3nico para M\u00e1quinas e Ve\u00edculos +351 916 670 319 Copyright [&hellip;]","og_url":"https:\/\/cpsolucoes.pt\/?page_id=398","og_site_name":"C\u00e9lula Pioneira Solu\u00e7\u00f5es electr\u00f3nicas","article_modified_time":"2025-10-13T09:11:00+00:00","twitter_card":"summary_large_image","twitter_misc":{"Tempo estimado de leitura":"1 minuto"},"schema":{"@context":"https:\/\/schema.org","@graph":[{"@type":"WebPage","@id":"https:\/\/cpsolucoes.pt\/?page_id=398","url":"https:\/\/cpsolucoes.pt\/?page_id=398","name":"Bcm - C\u00e9lula Pioneira Solu\u00e7\u00f5es electr\u00f3nicas","isPartOf":{"@id":"https:\/\/cpsolucoes.pt\/#website"},"datePublished":"2022-12-09T14:31:48+00:00","dateModified":"2025-10-13T09:11:00+00:00","breadcrumb":{"@id":"https:\/\/cpsolucoes.pt\/?page_id=398#breadcrumb"},"inLanguage":"pt-PT","potentialAction":[{"@type":"ReadAction","target":["https:\/\/cpsolucoes.pt\/?page_id=398"]}]},{"@type":"BreadcrumbList","@id":"https:\/\/cpsolucoes.pt\/?page_id=398#breadcrumb","itemListElement":[{"@type":"ListItem","position":1,"name":"In\u00edcio","item":"https:\/\/cpsolucoes.pt\/"},{"@type":"ListItem","position":2,"name":"Bcm"}]},{"@type":"WebSite","@id":"https:\/\/cpsolucoes.pt\/#website","url":"https:\/\/cpsolucoes.pt\/","name":"C\u00e9lula Pioneira Solu\u00e7\u00f5es electr\u00f3nicas","description":"Repara\u00e7\u00e3o equipamento electr\u00f3nico","publisher":{"@id":"https:\/\/cpsolucoes.pt\/#organization"},"potentialAction":[{"@type":"SearchAction","target":{"@type":"EntryPoint","urlTemplate":"https:\/\/cpsolucoes.pt\/?s={search_term_string}"},"query-input":{"@type":"PropertyValueSpecification","valueRequired":true,"valueName":"search_term_string"}}],"inLanguage":"pt-PT"},{"@type":"Organization","@id":"https:\/\/cpsolucoes.pt\/#organization","name":"C\u00e9lula Pioneira Solu\u00e7\u00f5es electr\u00f3nicas","url":"https:\/\/cpsolucoes.pt\/","logo":{"@type":"ImageObject","inLanguage":"pt-PT","@id":"https:\/\/cpsolucoes.pt\/#\/schema\/logo\/image\/","url":"https:\/\/cpsolucoes.pt\/wp-content\/uploads\/2022\/12\/cropped-400dpiLogo_gr_ye.jpg","contentUrl":"https:\/\/cpsolucoes.pt\/wp-content\/uploads\/2022\/12\/cropped-400dpiLogo_gr_ye.jpg","width":1283,"height":1384,"caption":"C\u00e9lula Pioneira Solu\u00e7\u00f5es electr\u00f3nicas"},"image":{"@id":"https:\/\/cpsolucoes.pt\/#\/schema\/logo\/image\/"}}]}},"jetpack_sharing_enabled":true,"_links":{"self":[{"href":"https:\/\/cpsolucoes.pt\/index.php?rest_route=\/wp\/v2\/pages\/398","targetHints":{"allow":["GET"]}}],"collection":[{"href":"https:\/\/cpsolucoes.pt\/index.php?rest_route=\/wp\/v2\/pages"}],"about":[{"href":"https:\/\/cpsolucoes.pt\/index.php?rest_route=\/wp\/v2\/types\/page"}],"author":[{"embeddable":true,"href":"https:\/\/cpsolucoes.pt\/index.php?rest_route=\/wp\/v2\/users\/1"}],"replies":[{"embeddable":true,"href":"https:\/\/cpsolucoes.pt\/index.php?rest_route=%2Fwp%2Fv2%2Fcomments&post=398"}],"version-history":[{"count":31,"href":"https:\/\/cpsolucoes.pt\/index.php?rest_route=\/wp\/v2\/pages\/398\/revisions"}],"predecessor-version":[{"id":511,"href":"https:\/\/cpsolucoes.pt\/index.php?rest_route=\/wp\/v2\/pages\/398\/revisions\/511"}],"wp:attachment":[{"href":"https:\/\/cpsolucoes.pt\/index.php?rest_route=%2Fwp%2Fv2%2Fmedia&parent=398"}],"curies":[{"name":"wp","href":"https:\/\/api.w.org\/{rel}","templated":true}]}}