{"id":275,"date":"2022-12-08T00:49:22","date_gmt":"2022-12-08T00:49:22","guid":{"rendered":"https:\/\/cpsolucoes.pt\/?page_id=275"},"modified":"2025-10-13T09:11:51","modified_gmt":"2025-10-13T09:11:51","slug":"dash-3","status":"publish","type":"page","link":"https:\/\/cpsolucoes.pt\/?page_id=275","title":{"rendered":"dash"},"content":{"rendered":"\t\t<div data-elementor-type=\"wp-page\" data-elementor-id=\"275\" class=\"elementor elementor-275\">\n\t\t\t\t\t\t<section class=\"elementor-section elementor-top-section elementor-element elementor-element-f817f5a elementor-section-boxed elementor-section-height-default elementor-section-height-default\" data-id=\"f817f5a\" data-element_type=\"section\" data-e-type=\"section\">\n\t\t\t\t\t\t<div class=\"elementor-container elementor-column-gap-default\">\n\t\t\t\t\t<div class=\"elementor-column elementor-col-50 elementor-top-column elementor-element elementor-element-d613752\" data-id=\"d613752\" data-element_type=\"column\" data-e-type=\"column\" data-settings=\"{&quot;background_background&quot;:&quot;classic&quot;}\">\n\t\t\t<div class=\"elementor-widget-wrap elementor-element-populated\">\n\t\t\t\t\t\t<section class=\"elementor-section elementor-inner-section elementor-element elementor-element-edac70c elementor-section-height-min-height elementor-section-boxed elementor-section-height-default\" data-id=\"edac70c\" data-element_type=\"section\" data-e-type=\"section\">\n\t\t\t\t\t\t<div class=\"elementor-container elementor-column-gap-default\">\n\t\t\t\t\t<div class=\"elementor-column elementor-col-100 elementor-inner-column elementor-element elementor-element-cdf6c47\" data-id=\"cdf6c47\" data-element_type=\"column\" data-e-type=\"column\">\n\t\t\t<div class=\"elementor-widget-wrap elementor-element-populated\">\n\t\t\t\t\t\t<div class=\"elementor-element elementor-element-b5008d2 elementor-widget elementor-widget-text-editor\" data-id=\"b5008d2\" data-element_type=\"widget\" data-e-type=\"widget\" data-widget_type=\"text-editor.default\">\n\t\t\t\t<div class=\"elementor-widget-container\">\n\t\t\t\t\t\t\t\t\t<p>\u00a0<\/p><p>\u00a0<\/p><p>\u00a0<\/p><p><strong>Repara\u00e7\u00e3o de Pain\u00e9is de Instrumentos<\/strong><\/p><p>Reparamos o equipamento original, n\u00e3o sendo assim necess\u00e1rio programar um equipamento de substitui\u00e7\u00e3o.<\/p>\t\t\t\t\t\t\t\t<\/div>\n\t\t\t\t<\/div>\n\t\t\t\t\t<\/div>\n\t\t<\/div>\n\t\t\t\t\t<\/div>\n\t\t<\/section>\n\t\t\t\t<div class=\"elementor-element elementor-element-d723a8c elementor-align-center elementor-widget elementor-widget-button\" data-id=\"d723a8c\" data-element_type=\"widget\" data-e-type=\"widget\" data-widget_type=\"button.default\">\n\t\t\t\t<div class=\"elementor-widget-container\">\n\t\t\t\t\t\t\t\t\t<div class=\"elementor-button-wrapper\">\n\t\t\t\t\t<a class=\"elementor-button elementor-button-link elementor-size-sm elementor-animation-grow\" href=\"https:\/\/cpsolucoes.pt\/?page_id=278\">\n\t\t\t\t\t\t<span class=\"elementor-button-content-wrapper\">\n\t\t\t\t\t\t\t\t\t<span class=\"elementor-button-text\">Contacte-nos<\/span>\n\t\t\t\t\t<\/span>\n\t\t\t\t\t<\/a>\n\t\t\t\t<\/div>\n\t\t\t\t\t\t\t\t<\/div>\n\t\t\t\t<\/div>\n\t\t\t\t\t<\/div>\n\t\t<\/div>\n\t\t\t\t<div class=\"elementor-column elementor-col-50 elementor-top-column elementor-element elementor-element-ba8dad6\" data-id=\"ba8dad6\" data-element_type=\"column\" data-e-type=\"column\">\n\t\t\t<div class=\"elementor-widget-wrap elementor-element-populated\">\n\t\t\t\t\t\t<section class=\"elementor-section elementor-inner-section elementor-element elementor-element-9ffb809 elementor-section-height-min-height elementor-section-boxed elementor-section-height-default\" data-id=\"9ffb809\" data-element_type=\"section\" data-e-type=\"section\" data-settings=\"{&quot;background_background&quot;:&quot;slideshow&quot;,&quot;background_slideshow_gallery&quot;:[{&quot;id&quot;:338,&quot;url&quot;:&quot;https:\\\/\\\/cpsolucoes.pt\\\/wp-content\\\/uploads\\\/2022\\\/12\\\/dash1_1r.jpg&quot;},{&quot;id&quot;:339,&quot;url&quot;:&quot;https:\\\/\\\/cpsolucoes.pt\\\/wp-content\\\/uploads\\\/2022\\\/12\\\/dash1_2.jpg&quot;},{&quot;id&quot;:340,&quot;url&quot;:&quot;https:\\\/\\\/cpsolucoes.pt\\\/wp-content\\\/uploads\\\/2022\\\/12\\\/dash1_3.jpg&quot;}],&quot;background_slideshow_transition_duration&quot;:1500,&quot;background_slideshow_loop&quot;:&quot;yes&quot;,&quot;background_slideshow_slide_duration&quot;:5000,&quot;background_slideshow_slide_transition&quot;:&quot;fade&quot;}\">\n\t\t\t\t\t\t<div class=\"elementor-container elementor-column-gap-default\">\n\t\t\t\t\t<div class=\"elementor-column elementor-col-100 elementor-inner-column elementor-element elementor-element-112b76d\" data-id=\"112b76d\" data-element_type=\"column\" data-e-type=\"column\">\n\t\t\t<div class=\"elementor-widget-wrap\">\n\t\t\t\t\t\t\t<\/div>\n\t\t<\/div>\n\t\t\t\t\t<\/div>\n\t\t<\/section>\n\t\t\t\t\t<\/div>\n\t\t<\/div>\n\t\t\t\t\t<\/div>\n\t\t<\/section>\n\t\t\t\t<section class=\"elementor-section elementor-top-section elementor-element elementor-element-0769fba elementor-section-boxed elementor-section-height-default elementor-section-height-default\" data-id=\"0769fba\" data-element_type=\"section\" data-e-type=\"section\">\n\t\t\t\t\t\t<div class=\"elementor-container elementor-column-gap-default\">\n\t\t\t\t\t<div class=\"elementor-column elementor-col-100 elementor-top-column elementor-element elementor-element-eb04d33\" data-id=\"eb04d33\" data-element_type=\"column\" data-e-type=\"column\">\n\t\t\t<div class=\"elementor-widget-wrap\">\n\t\t\t\t\t\t\t<\/div>\n\t\t<\/div>\n\t\t\t\t\t<\/div>\n\t\t<\/section>\n\t\t\t\t<section class=\"elementor-section elementor-top-section elementor-element elementor-element-ddab185 elementor-section-boxed elementor-section-height-default elementor-section-height-default\" data-id=\"ddab185\" data-element_type=\"section\" data-e-type=\"section\">\n\t\t\t\t\t\t<div class=\"elementor-container elementor-column-gap-default\">\n\t\t\t\t\t<div class=\"elementor-column elementor-col-100 elementor-top-column elementor-element elementor-element-0575f5c\" data-id=\"0575f5c\" data-element_type=\"column\" data-e-type=\"column\">\n\t\t\t<div class=\"elementor-widget-wrap elementor-element-populated\">\n\t\t\t\t\t\t<div class=\"elementor-element elementor-element-7ee06be elementor-widget__width-inherit elementor-widget elementor-widget-text-editor\" data-id=\"7ee06be\" data-element_type=\"widget\" data-e-type=\"widget\" data-widget_type=\"text-editor.default\">\n\t\t\t\t<div class=\"elementor-widget-container\">\n\t\t\t\t\t\t\t\t\t<p>C\u00e9lula Pioneira Solu\u00e7\u00f5es Electr\u00f3nicas<\/p>\t\t\t\t\t\t\t\t<\/div>\n\t\t\t\t<\/div>\n\t\t\t\t<div class=\"elementor-element elementor-element-19666b9 elementor-widget__width-inherit elementor-widget elementor-widget-text-editor\" data-id=\"19666b9\" data-element_type=\"widget\" data-e-type=\"widget\" data-widget_type=\"text-editor.default\">\n\t\t\t\t<div class=\"elementor-widget-container\">\n\t\t\t\t\t\t\t\t\t<p>Empresa Especializada em Repara\u00e7\u00e3o de Equipamento Electr\u00f3nico para M\u00e1quinas e Ve\u00edculos<\/p>\t\t\t\t\t\t\t\t<\/div>\n\t\t\t\t<\/div>\n\t\t\t\t<div class=\"elementor-element elementor-element-00f5253 elementor-icon-list--layout-inline elementor-list-item-link-inline elementor-align-center elementor-widget elementor-widget-icon-list\" data-id=\"00f5253\" data-element_type=\"widget\" data-e-type=\"widget\" data-widget_type=\"icon-list.default\">\n\t\t\t\t<div class=\"elementor-widget-container\">\n\t\t\t\t\t\t\t<ul class=\"elementor-icon-list-items elementor-inline-items\">\n\t\t\t\t\t\t\t<li class=\"elementor-icon-list-item elementor-inline-item\">\n\t\t\t\t\t\t\t\t\t\t\t<a href=\"https:\/\/cpsolucoes.pt\/?page_id=207\">\n\n\t\t\t\t\t\t\t\t\t\t\t\t<span class=\"elementor-icon-list-icon\">\n\t\t\t\t\t\t\t<i aria-hidden=\"true\" class=\"icon icon-home1\"><\/i>\t\t\t\t\t\t<\/span>\n\t\t\t\t\t\t\t\t\t\t<span class=\"elementor-icon-list-text\"><\/span>\n\t\t\t\t\t\t\t\t\t\t\t<\/a>\n\t\t\t\t\t\t\t\t\t<\/li>\n\t\t\t\t\t\t\t\t<li class=\"elementor-icon-list-item elementor-inline-item\">\n\t\t\t\t\t\t\t\t\t\t\t<a href=\"https:\/\/cpsolucoes.pt\/?page_id=278\">\n\n\t\t\t\t\t\t\t\t\t\t\t\t<span class=\"elementor-icon-list-icon\">\n\t\t\t\t\t\t\t<i aria-hidden=\"true\" class=\"icon icon-email\"><\/i>\t\t\t\t\t\t<\/span>\n\t\t\t\t\t\t\t\t\t\t<span class=\"elementor-icon-list-text\"><\/span>\n\t\t\t\t\t\t\t\t\t\t\t<\/a>\n\t\t\t\t\t\t\t\t\t<\/li>\n\t\t\t\t\t\t\t\t<li class=\"elementor-icon-list-item elementor-inline-item\">\n\t\t\t\t\t\t\t\t\t\t\t<span class=\"elementor-icon-list-icon\">\n\t\t\t\t\t\t\t<i aria-hidden=\"true\" class=\"icon icon-google-map\"><\/i>\t\t\t\t\t\t<\/span>\n\t\t\t\t\t\t\t\t\t\t<span class=\"elementor-icon-list-text\"><\/span>\n\t\t\t\t\t\t\t\t\t<\/li>\n\t\t\t\t\t\t\t\t<li class=\"elementor-icon-list-item elementor-inline-item\">\n\t\t\t\t\t\t\t\t\t\t\t<a href=\"http:\/\/suporte.cpsolucoes.pt\">\n\n\t\t\t\t\t\t\t\t\t\t\t\t<span class=\"elementor-icon-list-icon\">\n\t\t\t\t\t\t\t<i aria-hidden=\"true\" class=\"icon icon-support1\"><\/i>\t\t\t\t\t\t<\/span>\n\t\t\t\t\t\t\t\t\t\t<span class=\"elementor-icon-list-text\"><\/span>\n\t\t\t\t\t\t\t\t\t\t\t<\/a>\n\t\t\t\t\t\t\t\t\t<\/li>\n\t\t\t\t\t\t\t\t<li class=\"elementor-icon-list-item elementor-inline-item\">\n\t\t\t\t\t\t\t\t\t\t\t<a href=\"tel:210996019\">\n\n\t\t\t\t\t\t\t\t\t\t\t\t<span class=\"elementor-icon-list-icon\">\n\t\t\t\t\t\t\t<i aria-hidden=\"true\" class=\"icon icon-phone\"><\/i>\t\t\t\t\t\t<\/span>\n\t\t\t\t\t\t\t\t\t\t<span class=\"elementor-icon-list-text\">+351 916 670 319<\/span>\n\t\t\t\t\t\t\t\t\t\t\t<\/a>\n\t\t\t\t\t\t\t\t\t<\/li>\n\t\t\t\t\t\t<\/ul>\n\t\t\t\t\t\t<\/div>\n\t\t\t\t<\/div>\n\t\t\t\t<div class=\"elementor-element elementor-element-eee205c elementor-widget elementor-widget-text-editor\" data-id=\"eee205c\" data-element_type=\"widget\" data-e-type=\"widget\" data-widget_type=\"text-editor.default\">\n\t\t\t\t<div class=\"elementor-widget-container\">\n\t\t\t\t\t\t\t\t\t<p>Copyright @2022 C\u00e9lula Pioneira<\/p>\t\t\t\t\t\t\t\t<\/div>\n\t\t\t\t<\/div>\n\t\t\t\t\t<\/div>\n\t\t<\/div>\n\t\t\t\t\t<\/div>\n\t\t<\/section>\n\t\t\t\t<\/div>\n\t\t","protected":false},"excerpt":{"rendered":"<p>\u00a0 \u00a0 \u00a0 Repara\u00e7\u00e3o de Pain\u00e9is de Instrumentos Reparamos o equipamento original, n\u00e3o sendo assim necess\u00e1rio programar um equipamento de substitui\u00e7\u00e3o. Contacte-nos C\u00e9lula Pioneira Solu\u00e7\u00f5es Electr\u00f3nicas Empresa Especializada em Repara\u00e7\u00e3o de Equipamento Electr\u00f3nico para M\u00e1quinas e Ve\u00edculos +351 916 670 319 Copyright @2022 C\u00e9lula Pioneira<\/p>\n","protected":false},"author":1,"featured_media":0,"parent":0,"menu_order":0,"comment_status":"closed","ping_status":"closed","template":"","meta":{"footnotes":""},"class_list":["post-275","page","type-page","status-publish","hentry"],"yoast_head":"<!-- This site is optimized with the Yoast SEO plugin v27.4 - https:\/\/yoast.com\/product\/yoast-seo-wordpress\/ -->\n<title>dash - C\u00e9lula Pioneira Solu\u00e7\u00f5es electr\u00f3nicas<\/title>\n<meta name=\"robots\" content=\"index, follow, max-snippet:-1, max-image-preview:large, max-video-preview:-1\" \/>\n<link rel=\"canonical\" href=\"https:\/\/cpsolucoes.pt\/?page_id=275\" \/>\n<meta property=\"og:locale\" content=\"pt_PT\" \/>\n<meta property=\"og:type\" content=\"article\" \/>\n<meta property=\"og:title\" content=\"dash - C\u00e9lula Pioneira Solu\u00e7\u00f5es electr\u00f3nicas\" \/>\n<meta property=\"og:description\" content=\"\u00a0 \u00a0 \u00a0 Repara\u00e7\u00e3o de Pain\u00e9is de Instrumentos Reparamos o equipamento original, n\u00e3o sendo assim necess\u00e1rio programar um equipamento de substitui\u00e7\u00e3o. Contacte-nos C\u00e9lula Pioneira Solu\u00e7\u00f5es Electr\u00f3nicas Empresa Especializada em Repara\u00e7\u00e3o de Equipamento Electr\u00f3nico para M\u00e1quinas e Ve\u00edculos +351 916 670 319 Copyright @2022 C\u00e9lula Pioneira\" \/>\n<meta property=\"og:url\" content=\"https:\/\/cpsolucoes.pt\/?page_id=275\" \/>\n<meta property=\"og:site_name\" content=\"C\u00e9lula Pioneira Solu\u00e7\u00f5es electr\u00f3nicas\" \/>\n<meta property=\"article:modified_time\" content=\"2025-10-13T09:11:51+00:00\" \/>\n<meta name=\"twitter:card\" content=\"summary_large_image\" \/>\n<meta name=\"twitter:label1\" content=\"Tempo estimado de leitura\" \/>\n\t<meta name=\"twitter:data1\" content=\"1 minuto\" \/>\n<script type=\"application\/ld+json\" class=\"yoast-schema-graph\">{\"@context\":\"https:\\\/\\\/schema.org\",\"@graph\":[{\"@type\":\"WebPage\",\"@id\":\"https:\\\/\\\/cpsolucoes.pt\\\/?page_id=275\",\"url\":\"https:\\\/\\\/cpsolucoes.pt\\\/?page_id=275\",\"name\":\"dash - C\u00e9lula Pioneira Solu\u00e7\u00f5es electr\u00f3nicas\",\"isPartOf\":{\"@id\":\"https:\\\/\\\/cpsolucoes.pt\\\/#website\"},\"datePublished\":\"2022-12-08T00:49:22+00:00\",\"dateModified\":\"2025-10-13T09:11:51+00:00\",\"breadcrumb\":{\"@id\":\"https:\\\/\\\/cpsolucoes.pt\\\/?page_id=275#breadcrumb\"},\"inLanguage\":\"pt-PT\",\"potentialAction\":[{\"@type\":\"ReadAction\",\"target\":[\"https:\\\/\\\/cpsolucoes.pt\\\/?page_id=275\"]}]},{\"@type\":\"BreadcrumbList\",\"@id\":\"https:\\\/\\\/cpsolucoes.pt\\\/?page_id=275#breadcrumb\",\"itemListElement\":[{\"@type\":\"ListItem\",\"position\":1,\"name\":\"In\u00edcio\",\"item\":\"https:\\\/\\\/cpsolucoes.pt\\\/\"},{\"@type\":\"ListItem\",\"position\":2,\"name\":\"dash\"}]},{\"@type\":\"WebSite\",\"@id\":\"https:\\\/\\\/cpsolucoes.pt\\\/#website\",\"url\":\"https:\\\/\\\/cpsolucoes.pt\\\/\",\"name\":\"C\u00e9lula Pioneira Solu\u00e7\u00f5es electr\u00f3nicas\",\"description\":\"Repara\u00e7\u00e3o equipamento electr\u00f3nico\",\"publisher\":{\"@id\":\"https:\\\/\\\/cpsolucoes.pt\\\/#organization\"},\"potentialAction\":[{\"@type\":\"SearchAction\",\"target\":{\"@type\":\"EntryPoint\",\"urlTemplate\":\"https:\\\/\\\/cpsolucoes.pt\\\/?s={search_term_string}\"},\"query-input\":{\"@type\":\"PropertyValueSpecification\",\"valueRequired\":true,\"valueName\":\"search_term_string\"}}],\"inLanguage\":\"pt-PT\"},{\"@type\":\"Organization\",\"@id\":\"https:\\\/\\\/cpsolucoes.pt\\\/#organization\",\"name\":\"C\u00e9lula Pioneira Solu\u00e7\u00f5es electr\u00f3nicas\",\"url\":\"https:\\\/\\\/cpsolucoes.pt\\\/\",\"logo\":{\"@type\":\"ImageObject\",\"inLanguage\":\"pt-PT\",\"@id\":\"https:\\\/\\\/cpsolucoes.pt\\\/#\\\/schema\\\/logo\\\/image\\\/\",\"url\":\"https:\\\/\\\/cpsolucoes.pt\\\/wp-content\\\/uploads\\\/2022\\\/12\\\/cropped-400dpiLogo_gr_ye.jpg\",\"contentUrl\":\"https:\\\/\\\/cpsolucoes.pt\\\/wp-content\\\/uploads\\\/2022\\\/12\\\/cropped-400dpiLogo_gr_ye.jpg\",\"width\":1283,\"height\":1384,\"caption\":\"C\u00e9lula Pioneira Solu\u00e7\u00f5es electr\u00f3nicas\"},\"image\":{\"@id\":\"https:\\\/\\\/cpsolucoes.pt\\\/#\\\/schema\\\/logo\\\/image\\\/\"}}]}<\/script>\n<!-- \/ Yoast SEO plugin. -->","yoast_head_json":{"title":"dash - C\u00e9lula Pioneira Solu\u00e7\u00f5es electr\u00f3nicas","robots":{"index":"index","follow":"follow","max-snippet":"max-snippet:-1","max-image-preview":"max-image-preview:large","max-video-preview":"max-video-preview:-1"},"canonical":"https:\/\/cpsolucoes.pt\/?page_id=275","og_locale":"pt_PT","og_type":"article","og_title":"dash - C\u00e9lula Pioneira Solu\u00e7\u00f5es electr\u00f3nicas","og_description":"\u00a0 \u00a0 \u00a0 Repara\u00e7\u00e3o de Pain\u00e9is de Instrumentos Reparamos o equipamento original, n\u00e3o sendo assim necess\u00e1rio programar um equipamento de substitui\u00e7\u00e3o. Contacte-nos C\u00e9lula Pioneira Solu\u00e7\u00f5es Electr\u00f3nicas Empresa Especializada em Repara\u00e7\u00e3o de Equipamento Electr\u00f3nico para M\u00e1quinas e Ve\u00edculos +351 916 670 319 Copyright @2022 C\u00e9lula Pioneira","og_url":"https:\/\/cpsolucoes.pt\/?page_id=275","og_site_name":"C\u00e9lula Pioneira Solu\u00e7\u00f5es electr\u00f3nicas","article_modified_time":"2025-10-13T09:11:51+00:00","twitter_card":"summary_large_image","twitter_misc":{"Tempo estimado de leitura":"1 minuto"},"schema":{"@context":"https:\/\/schema.org","@graph":[{"@type":"WebPage","@id":"https:\/\/cpsolucoes.pt\/?page_id=275","url":"https:\/\/cpsolucoes.pt\/?page_id=275","name":"dash - C\u00e9lula Pioneira Solu\u00e7\u00f5es electr\u00f3nicas","isPartOf":{"@id":"https:\/\/cpsolucoes.pt\/#website"},"datePublished":"2022-12-08T00:49:22+00:00","dateModified":"2025-10-13T09:11:51+00:00","breadcrumb":{"@id":"https:\/\/cpsolucoes.pt\/?page_id=275#breadcrumb"},"inLanguage":"pt-PT","potentialAction":[{"@type":"ReadAction","target":["https:\/\/cpsolucoes.pt\/?page_id=275"]}]},{"@type":"BreadcrumbList","@id":"https:\/\/cpsolucoes.pt\/?page_id=275#breadcrumb","itemListElement":[{"@type":"ListItem","position":1,"name":"In\u00edcio","item":"https:\/\/cpsolucoes.pt\/"},{"@type":"ListItem","position":2,"name":"dash"}]},{"@type":"WebSite","@id":"https:\/\/cpsolucoes.pt\/#website","url":"https:\/\/cpsolucoes.pt\/","name":"C\u00e9lula Pioneira Solu\u00e7\u00f5es electr\u00f3nicas","description":"Repara\u00e7\u00e3o equipamento electr\u00f3nico","publisher":{"@id":"https:\/\/cpsolucoes.pt\/#organization"},"potentialAction":[{"@type":"SearchAction","target":{"@type":"EntryPoint","urlTemplate":"https:\/\/cpsolucoes.pt\/?s={search_term_string}"},"query-input":{"@type":"PropertyValueSpecification","valueRequired":true,"valueName":"search_term_string"}}],"inLanguage":"pt-PT"},{"@type":"Organization","@id":"https:\/\/cpsolucoes.pt\/#organization","name":"C\u00e9lula Pioneira Solu\u00e7\u00f5es electr\u00f3nicas","url":"https:\/\/cpsolucoes.pt\/","logo":{"@type":"ImageObject","inLanguage":"pt-PT","@id":"https:\/\/cpsolucoes.pt\/#\/schema\/logo\/image\/","url":"https:\/\/cpsolucoes.pt\/wp-content\/uploads\/2022\/12\/cropped-400dpiLogo_gr_ye.jpg","contentUrl":"https:\/\/cpsolucoes.pt\/wp-content\/uploads\/2022\/12\/cropped-400dpiLogo_gr_ye.jpg","width":1283,"height":1384,"caption":"C\u00e9lula Pioneira Solu\u00e7\u00f5es electr\u00f3nicas"},"image":{"@id":"https:\/\/cpsolucoes.pt\/#\/schema\/logo\/image\/"}}]}},"jetpack_sharing_enabled":true,"_links":{"self":[{"href":"https:\/\/cpsolucoes.pt\/index.php?rest_route=\/wp\/v2\/pages\/275","targetHints":{"allow":["GET"]}}],"collection":[{"href":"https:\/\/cpsolucoes.pt\/index.php?rest_route=\/wp\/v2\/pages"}],"about":[{"href":"https:\/\/cpsolucoes.pt\/index.php?rest_route=\/wp\/v2\/types\/page"}],"author":[{"embeddable":true,"href":"https:\/\/cpsolucoes.pt\/index.php?rest_route=\/wp\/v2\/users\/1"}],"replies":[{"embeddable":true,"href":"https:\/\/cpsolucoes.pt\/index.php?rest_route=%2Fwp%2Fv2%2Fcomments&post=275"}],"version-history":[{"count":22,"href":"https:\/\/cpsolucoes.pt\/index.php?rest_route=\/wp\/v2\/pages\/275\/revisions"}],"predecessor-version":[{"id":514,"href":"https:\/\/cpsolucoes.pt\/index.php?rest_route=\/wp\/v2\/pages\/275\/revisions\/514"}],"wp:attachment":[{"href":"https:\/\/cpsolucoes.pt\/index.php?rest_route=%2Fwp%2Fv2%2Fmedia&parent=275"}],"curies":[{"name":"wp","href":"https:\/\/api.w.org\/{rel}","templated":true}]}}