{"id":207,"date":"2022-12-07T20:34:57","date_gmt":"2022-12-07T20:34:57","guid":{"rendered":"https:\/\/cpsolucoes.pt\/?page_id=207"},"modified":"2025-10-13T09:09:16","modified_gmt":"2025-10-13T09:09:16","slug":"elementor-207","status":"publish","type":"page","link":"https:\/\/cpsolucoes.pt\/","title":{"rendered":""},"content":{"rendered":"\t\t<div data-elementor-type=\"wp-page\" data-elementor-id=\"207\" class=\"elementor elementor-207\">\n\t\t\t\t\t\t<section class=\"elementor-section elementor-top-section elementor-element elementor-element-e3f3de5 elementor-hidden-mobile elementor-section-boxed elementor-section-height-default elementor-section-height-default\" data-id=\"e3f3de5\" data-element_type=\"section\" data-e-type=\"section\" data-settings=\"{&quot;background_background&quot;:&quot;slideshow&quot;,&quot;background_slideshow_gallery&quot;:[{&quot;id&quot;:106,&quot;url&quot;:&quot;https:\\\/\\\/cpsolucoes.pt\\\/wp-content\\\/uploads\\\/2022\\\/12\\\/edc17peq.jpg&quot;},{&quot;id&quot;:209,&quot;url&quot;:&quot;https:\\\/\\\/cpsolucoes.pt\\\/wp-content\\\/uploads\\\/2022\\\/12\\\/board_bw-scaled.jpg&quot;},{&quot;id&quot;:16,&quot;url&quot;:&quot;https:\\\/\\\/cpsolucoes.pt\\\/wp-content\\\/uploads\\\/2022\\\/12\\\/chip_pb.jpg&quot;}],&quot;background_slideshow_transition_duration&quot;:2000,&quot;background_slideshow_loop&quot;:&quot;yes&quot;,&quot;background_slideshow_slide_duration&quot;:5000,&quot;background_slideshow_slide_transition&quot;:&quot;fade&quot;}\">\n\t\t\t\t\t\t<div class=\"elementor-container elementor-column-gap-default\">\n\t\t\t\t\t<div class=\"elementor-column elementor-col-100 elementor-top-column elementor-element elementor-element-412c452\" data-id=\"412c452\" data-element_type=\"column\" data-e-type=\"column\">\n\t\t\t<div class=\"elementor-widget-wrap elementor-element-populated\">\n\t\t\t\t\t\t<section class=\"elementor-section elementor-inner-section elementor-element elementor-element-3bb14f2 elementor-section-full_width elementor-section-height-min-height elementor-section-content-middle elementor-section-height-default\" data-id=\"3bb14f2\" data-element_type=\"section\" data-e-type=\"section\">\n\t\t\t\t\t\t\t<div class=\"elementor-background-overlay\"><\/div>\n\t\t\t\t\t\t\t<div class=\"elementor-container elementor-column-gap-default\">\n\t\t\t\t\t<div class=\"elementor-column elementor-col-100 elementor-inner-column elementor-element elementor-element-4697aa3\" data-id=\"4697aa3\" data-element_type=\"column\" data-e-type=\"column\">\n\t\t\t<div class=\"elementor-widget-wrap elementor-element-populated\">\n\t\t\t\t\t\t<div class=\"elementor-element elementor-element-737365b elementor-widget elementor-widget-heading\" data-id=\"737365b\" data-element_type=\"widget\" data-e-type=\"widget\" data-widget_type=\"heading.default\">\n\t\t\t\t<div class=\"elementor-widget-container\">\n\t\t\t\t\t<h2 class=\"elementor-heading-title elementor-size-xl\">REPARA\u00c7\u00c3O DE EQUIPAMENTO ELECTR\u00d3NICO<\/h2>\t\t\t\t<\/div>\n\t\t\t\t<\/div>\n\t\t\t\t\t<\/div>\n\t\t<\/div>\n\t\t\t\t\t<\/div>\n\t\t<\/section>\n\t\t\t\t<div class=\"elementor-element elementor-element-e8c1e43 elementor-button-info elementor-align-left elementor-widget elementor-widget-button\" data-id=\"e8c1e43\" data-element_type=\"widget\" data-e-type=\"widget\" data-widget_type=\"button.default\">\n\t\t\t\t<div class=\"elementor-widget-container\">\n\t\t\t\t\t\t\t\t\t<div class=\"elementor-button-wrapper\">\n\t\t\t\t\t<a class=\"elementor-button elementor-button-link elementor-size-md elementor-animation-grow\" href=\"https:\/\/cpsolucoes.pt\/?page_id=278\">\n\t\t\t\t\t\t<span class=\"elementor-button-content-wrapper\">\n\t\t\t\t\t\t\t\t\t<span class=\"elementor-button-text\">Contacte-nos<\/span>\n\t\t\t\t\t<\/span>\n\t\t\t\t\t<\/a>\n\t\t\t\t<\/div>\n\t\t\t\t\t\t\t\t<\/div>\n\t\t\t\t<\/div>\n\t\t\t\t\t<\/div>\n\t\t<\/div>\n\t\t\t\t\t<\/div>\n\t\t<\/section>\n\t\t\t\t<section class=\"elementor-section elementor-top-section elementor-element elementor-element-9cca4e9 elementor-reverse-mobile elementor-section-boxed elementor-section-height-default elementor-section-height-default\" data-id=\"9cca4e9\" data-element_type=\"section\" data-e-type=\"section\" data-settings=\"{&quot;background_background&quot;:&quot;classic&quot;}\">\n\t\t\t\t\t\t<div class=\"elementor-container elementor-column-gap-no\">\n\t\t\t\t\t<div class=\"elementor-column elementor-col-20 elementor-top-column elementor-element elementor-element-a21c730\" data-id=\"a21c730\" data-element_type=\"column\" data-e-type=\"column\" data-settings=\"{&quot;background_background&quot;:&quot;slideshow&quot;,&quot;background_slideshow_gallery&quot;:[{&quot;id&quot;:43,&quot;url&quot;:&quot;https:\\\/\\\/cpsolucoes.pt\\\/wp-content\\\/uploads\\\/2022\\\/12\\\/ecu.jpg&quot;}],&quot;background_slideshow_loop&quot;:&quot;yes&quot;,&quot;background_slideshow_slide_duration&quot;:5000,&quot;background_slideshow_slide_transition&quot;:&quot;fade&quot;,&quot;background_slideshow_transition_duration&quot;:500}\">\n\t\t\t<div class=\"elementor-widget-wrap elementor-element-populated\">\n\t\t\t\t\t\t<div class=\"elementor-element elementor-element-f57aad8 txt2img elementor-widget elementor-widget-text-editor\" data-id=\"f57aad8\" data-element_type=\"widget\" data-e-type=\"widget\" data-widget_type=\"text-editor.default\">\n\t\t\t\t<div class=\"elementor-widget-container\">\n\t\t\t\t\t\t\t\t\t<p><a href=\"https:\/\/cpsolucoes.pt\/?page_id=366\">Repara\u00e7\u00e3o de Unidades de Comando de Motor<\/a><\/p>\t\t\t\t\t\t\t\t<\/div>\n\t\t\t\t<\/div>\n\t\t\t\t\t<\/div>\n\t\t<\/div>\n\t\t\t\t<div class=\"elementor-column elementor-col-20 elementor-top-column elementor-element elementor-element-d2f7132\" data-id=\"d2f7132\" data-element_type=\"column\" data-e-type=\"column\">\n\t\t\t<div class=\"elementor-widget-wrap\">\n\t\t\t\t\t\t\t<\/div>\n\t\t<\/div>\n\t\t\t\t<div class=\"elementor-column elementor-col-20 elementor-top-column elementor-element elementor-element-978a794\" data-id=\"978a794\" data-element_type=\"column\" data-e-type=\"column\" data-settings=\"{&quot;background_background&quot;:&quot;slideshow&quot;,&quot;background_slideshow_gallery&quot;:[{&quot;id&quot;:249,&quot;url&quot;:&quot;https:\\\/\\\/cpsolucoes.pt\\\/wp-content\\\/uploads\\\/2022\\\/12\\\/dash-1.jpg&quot;}],&quot;background_slideshow_loop&quot;:&quot;yes&quot;,&quot;background_slideshow_slide_duration&quot;:5000,&quot;background_slideshow_slide_transition&quot;:&quot;fade&quot;,&quot;background_slideshow_transition_duration&quot;:500}\">\n\t\t\t<div class=\"elementor-widget-wrap elementor-element-populated\">\n\t\t\t\t\t\t<div class=\"elementor-element elementor-element-9a08710 txt2img elementor-widget elementor-widget-text-editor\" data-id=\"9a08710\" data-element_type=\"widget\" data-e-type=\"widget\" data-widget_type=\"text-editor.default\">\n\t\t\t\t<div class=\"elementor-widget-container\">\n\t\t\t\t\t\t\t\t\t<p><a href=\"https:\/\/cpsolucoes.pt\/?page_id=275\">Repara\u00e7\u00e3o de Pain\u00e9is de Instrumentos<\/a><\/p>\t\t\t\t\t\t\t\t<\/div>\n\t\t\t\t<\/div>\n\t\t\t\t\t<\/div>\n\t\t<\/div>\n\t\t\t\t<div class=\"elementor-column elementor-col-20 elementor-top-column elementor-element elementor-element-226684c\" data-id=\"226684c\" data-element_type=\"column\" data-e-type=\"column\">\n\t\t\t<div class=\"elementor-widget-wrap\">\n\t\t\t\t\t\t\t<\/div>\n\t\t<\/div>\n\t\t\t\t<div class=\"elementor-column elementor-col-20 elementor-top-column elementor-element elementor-element-c0b2ca1\" data-id=\"c0b2ca1\" data-element_type=\"column\" data-e-type=\"column\" data-settings=\"{&quot;background_background&quot;:&quot;slideshow&quot;,&quot;background_slideshow_gallery&quot;:[{&quot;id&quot;:44,&quot;url&quot;:&quot;https:\\\/\\\/cpsolucoes.pt\\\/wp-content\\\/uploads\\\/2022\\\/12\\\/bsi.jpg&quot;}],&quot;background_slideshow_loop&quot;:&quot;yes&quot;,&quot;background_slideshow_slide_duration&quot;:5000,&quot;background_slideshow_slide_transition&quot;:&quot;fade&quot;,&quot;background_slideshow_transition_duration&quot;:500}\">\n\t\t\t<div class=\"elementor-widget-wrap elementor-element-populated\">\n\t\t\t\t\t\t<div class=\"elementor-element elementor-element-b8a2c23 txt2img elementor-widget elementor-widget-text-editor\" data-id=\"b8a2c23\" data-element_type=\"widget\" data-e-type=\"widget\" data-widget_type=\"text-editor.default\">\n\t\t\t\t<div class=\"elementor-widget-container\">\n\t\t\t\t\t\t\t\t\t<p><a href=\"https:\/\/cpsolucoes.pt\/?page_id=398\">Repara\u00e7\u00e3o de Unidades de Comando de Carro\u00e7aria<\/a><\/p>\t\t\t\t\t\t\t\t<\/div>\n\t\t\t\t<\/div>\n\t\t\t\t\t<\/div>\n\t\t<\/div>\n\t\t\t\t\t<\/div>\n\t\t<\/section>\n\t\t\t\t<section class=\"elementor-section elementor-top-section elementor-element elementor-element-7764506 elementor-section-boxed elementor-section-height-default elementor-section-height-default\" data-id=\"7764506\" data-element_type=\"section\" data-e-type=\"section\">\n\t\t\t\t\t\t<div class=\"elementor-container elementor-column-gap-default\">\n\t\t\t\t\t<div class=\"elementor-column elementor-col-100 elementor-top-column elementor-element elementor-element-7d3633d\" data-id=\"7d3633d\" data-element_type=\"column\" data-e-type=\"column\">\n\t\t\t<div class=\"elementor-widget-wrap elementor-element-populated\">\n\t\t\t\t\t\t<div class=\"elementor-element elementor-element-b4d4cde elementor-widget elementor-widget-spacer\" data-id=\"b4d4cde\" data-element_type=\"widget\" data-e-type=\"widget\" data-widget_type=\"spacer.default\">\n\t\t\t\t<div class=\"elementor-widget-container\">\n\t\t\t\t\t\t\t<div class=\"elementor-spacer\">\n\t\t\t<div class=\"elementor-spacer-inner\"><\/div>\n\t\t<\/div>\n\t\t\t\t\t\t<\/div>\n\t\t\t\t<\/div>\n\t\t\t\t\t<\/div>\n\t\t<\/div>\n\t\t\t\t\t<\/div>\n\t\t<\/section>\n\t\t\t\t<section class=\"elementor-section elementor-top-section elementor-element elementor-element-a82b51a elementor-section-full_width elementor-section-height-min-height elementor-section-height-default elementor-section-items-middle\" data-id=\"a82b51a\" data-element_type=\"section\" data-e-type=\"section\">\n\t\t\t\t\t\t<div class=\"elementor-container elementor-column-gap-no\">\n\t\t\t\t\t<div class=\"elementor-column elementor-col-100 elementor-top-column elementor-element elementor-element-847c615\" data-id=\"847c615\" data-element_type=\"column\" data-e-type=\"column\">\n\t\t\t<div class=\"elementor-widget-wrap elementor-element-populated\">\n\t\t\t\t\t\t<div class=\"elementor-element elementor-element-26e0e8a elementor-widget__width-inherit elementor-widget elementor-widget-text-editor\" data-id=\"26e0e8a\" data-element_type=\"widget\" data-e-type=\"widget\" data-widget_type=\"text-editor.default\">\n\t\t\t\t<div class=\"elementor-widget-container\">\n\t\t\t\t\t\t\t\t\t<p>C\u00e9lula Pioneira Solu\u00e7\u00f5es Electr\u00f3nicas<\/p>\t\t\t\t\t\t\t\t<\/div>\n\t\t\t\t<\/div>\n\t\t\t\t\t<\/div>\n\t\t<\/div>\n\t\t\t\t\t<\/div>\n\t\t<\/section>\n\t\t\t\t<section class=\"elementor-section elementor-top-section elementor-element elementor-element-53da5b1 elementor-section-content-middle elementor-section-boxed elementor-section-height-default elementor-section-height-default\" data-id=\"53da5b1\" data-element_type=\"section\" data-e-type=\"section\">\n\t\t\t\t\t\t<div class=\"elementor-container elementor-column-gap-default\">\n\t\t\t\t\t<div class=\"elementor-column elementor-col-100 elementor-top-column elementor-element elementor-element-69e2672\" data-id=\"69e2672\" data-element_type=\"column\" data-e-type=\"column\">\n\t\t\t<div class=\"elementor-widget-wrap elementor-element-populated\">\n\t\t\t\t\t\t<div class=\"elementor-element elementor-element-e996475 elementor-widget__width-inherit elementor-widget elementor-widget-text-editor\" data-id=\"e996475\" data-element_type=\"widget\" data-e-type=\"widget\" data-widget_type=\"text-editor.default\">\n\t\t\t\t<div class=\"elementor-widget-container\">\n\t\t\t\t\t\t\t\t\t<p>Empresa Especializada em Repara\u00e7\u00e3o de Equipamento Electr\u00f3nico para M\u00e1quinas e Ve\u00edculos<\/p>\t\t\t\t\t\t\t\t<\/div>\n\t\t\t\t<\/div>\n\t\t\t\t\t<\/div>\n\t\t<\/div>\n\t\t\t\t\t<\/div>\n\t\t<\/section>\n\t\t\t\t<section class=\"elementor-section elementor-top-section elementor-element elementor-element-3ed9b24 elementor-section-boxed elementor-section-height-default elementor-section-height-default\" data-id=\"3ed9b24\" data-element_type=\"section\" data-e-type=\"section\">\n\t\t\t\t\t\t<div class=\"elementor-container elementor-column-gap-default\">\n\t\t\t\t\t<div class=\"elementor-column elementor-col-100 elementor-top-column elementor-element elementor-element-af5403a\" data-id=\"af5403a\" data-element_type=\"column\" data-e-type=\"column\">\n\t\t\t<div class=\"elementor-widget-wrap elementor-element-populated\">\n\t\t\t\t\t\t<div class=\"elementor-element elementor-element-fef0488 elementor-icon-list--layout-inline elementor-list-item-link-inline elementor-align-center elementor-widget elementor-widget-icon-list\" data-id=\"fef0488\" data-element_type=\"widget\" data-e-type=\"widget\" data-widget_type=\"icon-list.default\">\n\t\t\t\t<div class=\"elementor-widget-container\">\n\t\t\t\t\t\t\t<ul class=\"elementor-icon-list-items elementor-inline-items\">\n\t\t\t\t\t\t\t<li class=\"elementor-icon-list-item elementor-inline-item\">\n\t\t\t\t\t\t\t\t\t\t\t<a href=\"https:\/\/cpsolucoes.pt\/?page_id=207\">\n\n\t\t\t\t\t\t\t\t\t\t\t\t<span class=\"elementor-icon-list-icon\">\n\t\t\t\t\t\t\t<i aria-hidden=\"true\" class=\"icon icon-home1\"><\/i>\t\t\t\t\t\t<\/span>\n\t\t\t\t\t\t\t\t\t\t<span class=\"elementor-icon-list-text\"><\/span>\n\t\t\t\t\t\t\t\t\t\t\t<\/a>\n\t\t\t\t\t\t\t\t\t<\/li>\n\t\t\t\t\t\t\t\t<li class=\"elementor-icon-list-item elementor-inline-item\">\n\t\t\t\t\t\t\t\t\t\t\t<a href=\"https:\/\/cpsolucoes.pt\/?page_id=278\">\n\n\t\t\t\t\t\t\t\t\t\t\t\t<span class=\"elementor-icon-list-icon\">\n\t\t\t\t\t\t\t<i aria-hidden=\"true\" class=\"icon icon-email\"><\/i>\t\t\t\t\t\t<\/span>\n\t\t\t\t\t\t\t\t\t\t<span class=\"elementor-icon-list-text\"><\/span>\n\t\t\t\t\t\t\t\t\t\t\t<\/a>\n\t\t\t\t\t\t\t\t\t<\/li>\n\t\t\t\t\t\t\t\t<li class=\"elementor-icon-list-item elementor-inline-item\">\n\t\t\t\t\t\t\t\t\t\t\t<span class=\"elementor-icon-list-icon\">\n\t\t\t\t\t\t\t<i aria-hidden=\"true\" class=\"icon icon-google-map\"><\/i>\t\t\t\t\t\t<\/span>\n\t\t\t\t\t\t\t\t\t\t<span class=\"elementor-icon-list-text\"><\/span>\n\t\t\t\t\t\t\t\t\t<\/li>\n\t\t\t\t\t\t\t\t<li class=\"elementor-icon-list-item elementor-inline-item\">\n\t\t\t\t\t\t\t\t\t\t\t<a href=\"http:\/\/suporte.cpsolucoes.pt\">\n\n\t\t\t\t\t\t\t\t\t\t\t\t<span class=\"elementor-icon-list-icon\">\n\t\t\t\t\t\t\t<i aria-hidden=\"true\" class=\"icon icon-support1\"><\/i>\t\t\t\t\t\t<\/span>\n\t\t\t\t\t\t\t\t\t\t<span class=\"elementor-icon-list-text\"><\/span>\n\t\t\t\t\t\t\t\t\t\t\t<\/a>\n\t\t\t\t\t\t\t\t\t<\/li>\n\t\t\t\t\t\t\t\t<li class=\"elementor-icon-list-item elementor-inline-item\">\n\t\t\t\t\t\t\t\t\t\t\t<a href=\"tel:210996019\">\n\n\t\t\t\t\t\t\t\t\t\t\t\t<span class=\"elementor-icon-list-icon\">\n\t\t\t\t\t\t\t<i aria-hidden=\"true\" class=\"icon icon-phone\"><\/i>\t\t\t\t\t\t<\/span>\n\t\t\t\t\t\t\t\t\t\t<span class=\"elementor-icon-list-text\">+351 916 670 319<\/span>\n\t\t\t\t\t\t\t\t\t\t\t<\/a>\n\t\t\t\t\t\t\t\t\t<\/li>\n\t\t\t\t\t\t<\/ul>\n\t\t\t\t\t\t<\/div>\n\t\t\t\t<\/div>\n\t\t\t\t\t<\/div>\n\t\t<\/div>\n\t\t\t\t\t<\/div>\n\t\t<\/section>\n\t\t\t\t<section class=\"elementor-section elementor-top-section elementor-element elementor-element-b20e758 elementor-section-boxed elementor-section-height-default elementor-section-height-default\" data-id=\"b20e758\" data-element_type=\"section\" data-e-type=\"section\">\n\t\t\t\t\t\t<div class=\"elementor-container elementor-column-gap-default\">\n\t\t\t\t\t<div class=\"elementor-column elementor-col-100 elementor-top-column elementor-element elementor-element-0637061\" data-id=\"0637061\" data-element_type=\"column\" data-e-type=\"column\">\n\t\t\t<div class=\"elementor-widget-wrap elementor-element-populated\">\n\t\t\t\t\t\t<div class=\"elementor-element elementor-element-4d8bfca elementor-widget elementor-widget-text-editor\" data-id=\"4d8bfca\" data-element_type=\"widget\" data-e-type=\"widget\" data-widget_type=\"text-editor.default\">\n\t\t\t\t<div class=\"elementor-widget-container\">\n\t\t\t\t\t\t\t\t\t<p>Copyright @2022 C\u00e9lula Pioneira<\/p>\t\t\t\t\t\t\t\t<\/div>\n\t\t\t\t<\/div>\n\t\t\t\t\t<\/div>\n\t\t<\/div>\n\t\t\t\t\t<\/div>\n\t\t<\/section>\n\t\t\t\t<\/div>\n\t\t","protected":false},"excerpt":{"rendered":"<p>REPARA\u00c7\u00c3O DE EQUIPAMENTO ELECTR\u00d3NICO Contacte-nos Repara\u00e7\u00e3o de Unidades de Comando de Motor Repara\u00e7\u00e3o de Pain\u00e9is de Instrumentos Repara\u00e7\u00e3o de Unidades de Comando de Carro\u00e7aria C\u00e9lula Pioneira Solu\u00e7\u00f5es Electr\u00f3nicas Empresa Especializada em Repara\u00e7\u00e3o de Equipamento Electr\u00f3nico para M\u00e1quinas e Ve\u00edculos +351 916 670 319 Copyright @2022 C\u00e9lula Pioneira<\/p>\n","protected":false},"author":1,"featured_media":0,"parent":278,"menu_order":0,"comment_status":"closed","ping_status":"closed","template":"","meta":{"footnotes":""},"class_list":["post-207","page","type-page","status-publish","hentry"],"yoast_head":"<!-- This site is optimized with the Yoast SEO plugin v27.4 - https:\/\/yoast.com\/product\/yoast-seo-wordpress\/ -->\n<title>- C\u00e9lula Pioneira Solu\u00e7\u00f5es electr\u00f3nicas<\/title>\n<meta name=\"robots\" content=\"index, follow, max-snippet:-1, max-image-preview:large, max-video-preview:-1\" \/>\n<link rel=\"canonical\" href=\"https:\/\/cpsolucoes.pt\/\" \/>\n<meta property=\"og:locale\" content=\"pt_PT\" \/>\n<meta property=\"og:type\" content=\"article\" \/>\n<meta property=\"og:title\" content=\"- C\u00e9lula Pioneira Solu\u00e7\u00f5es electr\u00f3nicas\" \/>\n<meta property=\"og:description\" content=\"REPARA\u00c7\u00c3O DE EQUIPAMENTO ELECTR\u00d3NICO Contacte-nos Repara\u00e7\u00e3o de Unidades de Comando de Motor Repara\u00e7\u00e3o de Pain\u00e9is de Instrumentos Repara\u00e7\u00e3o de Unidades de Comando de Carro\u00e7aria C\u00e9lula Pioneira Solu\u00e7\u00f5es Electr\u00f3nicas Empresa Especializada em Repara\u00e7\u00e3o de Equipamento Electr\u00f3nico para M\u00e1quinas e Ve\u00edculos +351 916 670 319 Copyright @2022 C\u00e9lula Pioneira\" \/>\n<meta property=\"og:url\" content=\"https:\/\/cpsolucoes.pt\/\" \/>\n<meta property=\"og:site_name\" content=\"C\u00e9lula Pioneira Solu\u00e7\u00f5es electr\u00f3nicas\" \/>\n<meta property=\"article:modified_time\" content=\"2025-10-13T09:09:16+00:00\" \/>\n<meta name=\"twitter:card\" content=\"summary_large_image\" \/>\n<meta name=\"twitter:label1\" content=\"Tempo estimado de leitura\" \/>\n\t<meta name=\"twitter:data1\" content=\"1 minuto\" \/>\n<script type=\"application\/ld+json\" class=\"yoast-schema-graph\">{\"@context\":\"https:\\\/\\\/schema.org\",\"@graph\":[{\"@type\":\"WebPage\",\"@id\":\"https:\\\/\\\/cpsolucoes.pt\\\/\",\"url\":\"https:\\\/\\\/cpsolucoes.pt\\\/\",\"name\":\"- C\u00e9lula Pioneira Solu\u00e7\u00f5es electr\u00f3nicas\",\"isPartOf\":{\"@id\":\"https:\\\/\\\/cpsolucoes.pt\\\/#website\"},\"datePublished\":\"2022-12-07T20:34:57+00:00\",\"dateModified\":\"2025-10-13T09:09:16+00:00\",\"breadcrumb\":{\"@id\":\"https:\\\/\\\/cpsolucoes.pt\\\/#breadcrumb\"},\"inLanguage\":\"pt-PT\",\"potentialAction\":[{\"@type\":\"ReadAction\",\"target\":[\"https:\\\/\\\/cpsolucoes.pt\\\/\"]}]},{\"@type\":\"BreadcrumbList\",\"@id\":\"https:\\\/\\\/cpsolucoes.pt\\\/#breadcrumb\",\"itemListElement\":[{\"@type\":\"ListItem\",\"position\":1,\"name\":\"In\u00edcio\",\"item\":\"https:\\\/\\\/cpsolucoes.pt\\\/\"},{\"@type\":\"ListItem\",\"position\":2,\"name\":\"Contacto\",\"item\":\"https:\\\/\\\/cpsolucoes.pt\\\/?page_id=278\"}]},{\"@type\":\"WebSite\",\"@id\":\"https:\\\/\\\/cpsolucoes.pt\\\/#website\",\"url\":\"https:\\\/\\\/cpsolucoes.pt\\\/\",\"name\":\"C\u00e9lula Pioneira Solu\u00e7\u00f5es electr\u00f3nicas\",\"description\":\"Repara\u00e7\u00e3o equipamento electr\u00f3nico\",\"publisher\":{\"@id\":\"https:\\\/\\\/cpsolucoes.pt\\\/#organization\"},\"potentialAction\":[{\"@type\":\"SearchAction\",\"target\":{\"@type\":\"EntryPoint\",\"urlTemplate\":\"https:\\\/\\\/cpsolucoes.pt\\\/?s={search_term_string}\"},\"query-input\":{\"@type\":\"PropertyValueSpecification\",\"valueRequired\":true,\"valueName\":\"search_term_string\"}}],\"inLanguage\":\"pt-PT\"},{\"@type\":\"Organization\",\"@id\":\"https:\\\/\\\/cpsolucoes.pt\\\/#organization\",\"name\":\"C\u00e9lula Pioneira Solu\u00e7\u00f5es electr\u00f3nicas\",\"url\":\"https:\\\/\\\/cpsolucoes.pt\\\/\",\"logo\":{\"@type\":\"ImageObject\",\"inLanguage\":\"pt-PT\",\"@id\":\"https:\\\/\\\/cpsolucoes.pt\\\/#\\\/schema\\\/logo\\\/image\\\/\",\"url\":\"https:\\\/\\\/cpsolucoes.pt\\\/wp-content\\\/uploads\\\/2022\\\/12\\\/cropped-400dpiLogo_gr_ye.jpg\",\"contentUrl\":\"https:\\\/\\\/cpsolucoes.pt\\\/wp-content\\\/uploads\\\/2022\\\/12\\\/cropped-400dpiLogo_gr_ye.jpg\",\"width\":1283,\"height\":1384,\"caption\":\"C\u00e9lula Pioneira Solu\u00e7\u00f5es electr\u00f3nicas\"},\"image\":{\"@id\":\"https:\\\/\\\/cpsolucoes.pt\\\/#\\\/schema\\\/logo\\\/image\\\/\"}}]}<\/script>\n<!-- \/ Yoast SEO plugin. -->","yoast_head_json":{"title":"- C\u00e9lula Pioneira Solu\u00e7\u00f5es electr\u00f3nicas","robots":{"index":"index","follow":"follow","max-snippet":"max-snippet:-1","max-image-preview":"max-image-preview:large","max-video-preview":"max-video-preview:-1"},"canonical":"https:\/\/cpsolucoes.pt\/","og_locale":"pt_PT","og_type":"article","og_title":"- C\u00e9lula Pioneira Solu\u00e7\u00f5es electr\u00f3nicas","og_description":"REPARA\u00c7\u00c3O DE EQUIPAMENTO ELECTR\u00d3NICO Contacte-nos Repara\u00e7\u00e3o de Unidades de Comando de Motor Repara\u00e7\u00e3o de Pain\u00e9is de Instrumentos Repara\u00e7\u00e3o de Unidades de Comando de Carro\u00e7aria C\u00e9lula Pioneira Solu\u00e7\u00f5es Electr\u00f3nicas Empresa Especializada em Repara\u00e7\u00e3o de Equipamento Electr\u00f3nico para M\u00e1quinas e Ve\u00edculos +351 916 670 319 Copyright @2022 C\u00e9lula Pioneira","og_url":"https:\/\/cpsolucoes.pt\/","og_site_name":"C\u00e9lula Pioneira Solu\u00e7\u00f5es electr\u00f3nicas","article_modified_time":"2025-10-13T09:09:16+00:00","twitter_card":"summary_large_image","twitter_misc":{"Tempo estimado de leitura":"1 minuto"},"schema":{"@context":"https:\/\/schema.org","@graph":[{"@type":"WebPage","@id":"https:\/\/cpsolucoes.pt\/","url":"https:\/\/cpsolucoes.pt\/","name":"- C\u00e9lula Pioneira Solu\u00e7\u00f5es electr\u00f3nicas","isPartOf":{"@id":"https:\/\/cpsolucoes.pt\/#website"},"datePublished":"2022-12-07T20:34:57+00:00","dateModified":"2025-10-13T09:09:16+00:00","breadcrumb":{"@id":"https:\/\/cpsolucoes.pt\/#breadcrumb"},"inLanguage":"pt-PT","potentialAction":[{"@type":"ReadAction","target":["https:\/\/cpsolucoes.pt\/"]}]},{"@type":"BreadcrumbList","@id":"https:\/\/cpsolucoes.pt\/#breadcrumb","itemListElement":[{"@type":"ListItem","position":1,"name":"In\u00edcio","item":"https:\/\/cpsolucoes.pt\/"},{"@type":"ListItem","position":2,"name":"Contacto","item":"https:\/\/cpsolucoes.pt\/?page_id=278"}]},{"@type":"WebSite","@id":"https:\/\/cpsolucoes.pt\/#website","url":"https:\/\/cpsolucoes.pt\/","name":"C\u00e9lula Pioneira Solu\u00e7\u00f5es electr\u00f3nicas","description":"Repara\u00e7\u00e3o equipamento electr\u00f3nico","publisher":{"@id":"https:\/\/cpsolucoes.pt\/#organization"},"potentialAction":[{"@type":"SearchAction","target":{"@type":"EntryPoint","urlTemplate":"https:\/\/cpsolucoes.pt\/?s={search_term_string}"},"query-input":{"@type":"PropertyValueSpecification","valueRequired":true,"valueName":"search_term_string"}}],"inLanguage":"pt-PT"},{"@type":"Organization","@id":"https:\/\/cpsolucoes.pt\/#organization","name":"C\u00e9lula Pioneira Solu\u00e7\u00f5es electr\u00f3nicas","url":"https:\/\/cpsolucoes.pt\/","logo":{"@type":"ImageObject","inLanguage":"pt-PT","@id":"https:\/\/cpsolucoes.pt\/#\/schema\/logo\/image\/","url":"https:\/\/cpsolucoes.pt\/wp-content\/uploads\/2022\/12\/cropped-400dpiLogo_gr_ye.jpg","contentUrl":"https:\/\/cpsolucoes.pt\/wp-content\/uploads\/2022\/12\/cropped-400dpiLogo_gr_ye.jpg","width":1283,"height":1384,"caption":"C\u00e9lula Pioneira Solu\u00e7\u00f5es electr\u00f3nicas"},"image":{"@id":"https:\/\/cpsolucoes.pt\/#\/schema\/logo\/image\/"}}]}},"jetpack_sharing_enabled":true,"_links":{"self":[{"href":"https:\/\/cpsolucoes.pt\/index.php?rest_route=\/wp\/v2\/pages\/207","targetHints":{"allow":["GET"]}}],"collection":[{"href":"https:\/\/cpsolucoes.pt\/index.php?rest_route=\/wp\/v2\/pages"}],"about":[{"href":"https:\/\/cpsolucoes.pt\/index.php?rest_route=\/wp\/v2\/types\/page"}],"author":[{"embeddable":true,"href":"https:\/\/cpsolucoes.pt\/index.php?rest_route=\/wp\/v2\/users\/1"}],"replies":[{"embeddable":true,"href":"https:\/\/cpsolucoes.pt\/index.php?rest_route=%2Fwp%2Fv2%2Fcomments&post=207"}],"version-history":[{"count":103,"href":"https:\/\/cpsolucoes.pt\/index.php?rest_route=\/wp\/v2\/pages\/207\/revisions"}],"predecessor-version":[{"id":505,"href":"https:\/\/cpsolucoes.pt\/index.php?rest_route=\/wp\/v2\/pages\/207\/revisions\/505"}],"up":[{"embeddable":true,"href":"https:\/\/cpsolucoes.pt\/index.php?rest_route=\/wp\/v2\/pages\/278"}],"wp:attachment":[{"href":"https:\/\/cpsolucoes.pt\/index.php?rest_route=%2Fwp%2Fv2%2Fmedia&parent=207"}],"curies":[{"name":"wp","href":"https:\/\/api.w.org\/{rel}","templated":true}]}}